{"id":14123,"date":"2025-05-09T06:00:59","date_gmt":"2025-05-09T03:00:59","guid":{"rendered":"https:\/\/turkbankasi.com\/en\/?page_id=14123"},"modified":"2025-11-05T15:13:32","modified_gmt":"2025-11-05T12:13:32","slug":"get-to-know-turkbankasi","status":"publish","type":"page","link":"https:\/\/turkbankasi.com\/en\/about-us\/get-to-know-turkbankasi\/","title":{"rendered":"Get to Know T\u00fcrkBankas\u0131"},"content":{"rendered":"\t\t<div data-elementor-type=\"wp-page\" data-elementor-id=\"14123\" class=\"elementor elementor-14123\" data-elementor-post-type=\"page\">\n\t\t\t\t\t\t<section class=\"elementor-section elementor-top-section elementor-element elementor-element-3d9910c5 elementor-section-boxed elementor-section-height-default elementor-section-height-default\" data-id=\"3d9910c5\" data-element_type=\"section\" data-settings=\"{&quot;background_background&quot;:&quot;classic&quot;}\">\n\t\t\t\t\t\t<div class=\"elementor-container elementor-column-gap-default\">\n\t\t\t\t\t<div class=\"elementor-column elementor-col-100 elementor-top-column elementor-element elementor-element-5835caa4\" data-id=\"5835caa4\" data-element_type=\"column\">\n\t\t\t<div class=\"elementor-widget-wrap elementor-element-populated\">\n\t\t\t\t\t\t<section class=\"elementor-section elementor-inner-section elementor-element elementor-element-290f16ed elementor-section-boxed elementor-section-height-default elementor-section-height-default\" data-id=\"290f16ed\" data-element_type=\"section\">\n\t\t\t\t\t\t<div class=\"elementor-container elementor-column-gap-default\">\n\t\t\t\t\t<div class=\"elementor-column elementor-col-50 elementor-inner-column elementor-element elementor-element-1da67bfe\" data-id=\"1da67bfe\" data-element_type=\"column\">\n\t\t\t<div class=\"elementor-widget-wrap elementor-element-populated\">\n\t\t\t\t\t\t<div class=\"elementor-element elementor-element-56e8ad41 elementor-widget__width-initial elementor-widget-tablet__width-initial menu-hakkimizda elementor-widget elementor-widget-ucaddon_simple_list_menu\" data-id=\"56e8ad41\" data-element_type=\"widget\" id=\"menu-hakkimizda\" data-widget_type=\"ucaddon_simple_list_menu.default\">\n\t\t\t\t<div class=\"elementor-widget-container\">\n\t\t\t\t\t\n<!-- start List Menu -->\n\t\t<link id='font-awesome-css' href='https:\/\/turkbankasi.com\/en\/wp-content\/plugins\/unlimited-elements-for-elementor-premium 2\/assets_libraries\/font-awesome6\/fontawesome-all.min.css' type='text\/css' rel='stylesheet' >\n\t\t<link id='font-awesome-4-shim-css' href='https:\/\/turkbankasi.com\/en\/wp-content\/plugins\/unlimited-elements-for-elementor-premium 2\/assets_libraries\/font-awesome6\/fontawesome-v4-shims.min.css' type='text\/css' rel='stylesheet' >\n\n<style>\/* widget: List Menu *\/\n\n#uc_simple_list_menu_elementor_56e8ad41\n{\n  text-align:left;\n}\n#uc_simple_list_menu_elementor_56e8ad41 ul\n{\n  padding:0;\n  list-style:none;\n  margin:0;\n}\n\n#uc_simple_list_menu_elementor_56e8ad41 ul li\n{\n  padding:0;\n  list-style:none;\n  margin:0;\n}\n\n#uc_simple_list_menu_elementor_56e8ad41 ul li.current_page_item\n{\n  background-color:;\n}\n\n#uc_simple_list_menu_elementor_56e8ad41 ul ul li.current_page_item\n{\n  background-color:;\n}\n\n#uc_simple_list_menu_elementor_56e8ad41 ul ul ul li.current_page_item\n{\n  background-color:;\n}\n\n#uc_simple_list_menu_elementor_56e8ad41 ul li:last-child\n{\n  border-bottom:none;\n}\n\n#uc_simple_list_menu_elementor_56e8ad41 ul li a\n{\n  text-decoration:none;\n  display:block;\n}\n\n\n\n<\/style>\n\n<div id=\"uc_simple_list_menu_elementor_56e8ad41\" class=\"simple_list_menu\">\n<div class=\"ue_simple_list_menu_title\">About Us<\/div><ul id=\"menu-hakkimizda-sol\" class=\"uc-list-menu\"><li id=\"menu-item-17565\" class=\"menu-item menu-item-type-post_type menu-item-object-page menu-item-17565\"><a href=\"https:\/\/turkbankasi.com\/en\/about-us\/get-to-know-turkbankasi\/\">Get to Know T\u00fcrkBankas\u0131<\/a><\/li>\n<li id=\"menu-item-15736\" class=\"menu-item menu-item-type-post_type menu-item-object-page menu-item-15736\"><a href=\"https:\/\/turkbankasi.com\/en\/about-us\/mission-vision\/\">Mission &#038; Vision<\/a><\/li>\n<li id=\"menu-item-15764\" class=\"menu-item menu-item-type-custom menu-item-object-custom menu-item-15764\"><a href=\"https:\/\/www.turkishbankgroup.com\/en\/about-us\/history\">History<\/a><\/li>\n<li id=\"menu-item-17566\" class=\"menu-item menu-item-type-post_type menu-item-object-page menu-item-17566\"><a href=\"https:\/\/turkbankasi.com\/en\/about-us\/board-of-directors\/\">Board of Directors<\/a><\/li>\n<li id=\"menu-item-15734\" class=\"menu-item menu-item-type-post_type menu-item-object-page menu-item-15734\"><a href=\"https:\/\/turkbankasi.com\/en\/about-us\/group-companies\/\">Group Companies<\/a><\/li>\n<\/ul>\n<\/div>\n<!-- end List Menu -->\t\t\t\t<\/div>\n\t\t\t\t<\/div>\n\t\t\t\t\t<\/div>\n\t\t<\/div>\n\t\t\t\t<div class=\"elementor-column elementor-col-50 elementor-inner-column elementor-element elementor-element-1538f116\" data-id=\"1538f116\" data-element_type=\"column\">\n\t\t\t<div class=\"elementor-widget-wrap elementor-element-populated\">\n\t\t\t\t\t\t<div class=\"elementor-element elementor-element-22661e36 elementor-widget elementor-widget-pix-text\" data-id=\"22661e36\" data-element_type=\"widget\" data-widget_type=\"pix-text.default\">\n\t\t\t\t<div class=\"elementor-widget-container\">\n\t\t\t\t\t<div class=\"pix-el-text w-100 text-left \" ><p class=\"resp-option text-left \"><p>The core business areas of T\u00fcrkBankas\u0131 include corporate, commercial, retail, and private banking. In addition, the Bank carries out agency activities on behalf of T\u00fcrk Sigorta Ltd. and Turkish Menkul De\u011ferler A.\u015e. through its branches.<br \/><br \/>Our Bank operates as part of the TurkishBank Group in three countries: Turkey, the Turkish Republic of Northern Cyprus (TRNC), and the\u00a0United\u00a0Kingdom.<\/p><\/p><\/div>\t\t\t\t<\/div>\n\t\t\t\t<\/div>\n\t\t\t\t<div class=\"elementor-element elementor-element-2cdb9ba6 elementor-hidden-desktop elementor-hidden-tablet elementor-hidden-mobile elementor-widget elementor-widget-pix-button\" data-id=\"2cdb9ba6\" data-element_type=\"widget\" data-widget_type=\"pix-button.default\">\n\t\t\t\t<div class=\"elementor-widget-container\">\n\t\t\t\t\t<a  href=\"https:\/\/www.turkishbank.com\/\" class=\"btn m-0     btn-link text-primary d-inline-flex align-items-center pix-hover-item  no-padding     btn-lg\"     ><span class=\"font-weight-bold \" >TurkishBank web sitesine ula\u015fmak i\u00e7in t\u0131klay\u0131n\u0131z<\/span><svg class=\"pixfort-icon font-weight-bold  pix-hover-right  ml-2\" width=\"24\" height=\"24\"  data-name=\"Line\/pixfort-icon-arrow-right-2\" viewBox=\"2 2 20 20\"><polyline fill=\"none\" stroke=\"var(--pf-icon-color)\" stroke-linecap=\"round\" stroke-linejoin=\"round\" stroke-width=\"var(--pf-icon-stroke-width)\" points=\"9.5 17 14.5 12 9.5 7\"\/><\/svg><\/a>\t\t\t\t<\/div>\n\t\t\t\t<\/div>\n\t\t\t\t\t<\/div>\n\t\t<\/div>\n\t\t\t\t\t<\/div>\n\t\t<\/section>\n\t\t\t\t\t<\/div>\n\t\t<\/div>\n\t\t\t\t\t<\/div>\n\t\t<\/section>\n\t\t\t\t<\/div>\n\t\t","protected":false},"excerpt":{"rendered":"<p>About Us Get to Know T\u00fcrkBankas\u0131 Mission &#038; Vision History Board of Directors Group Companies The core business areas of T\u00fcrkBankas\u0131 include corporate, commercial, retail, and private banking. In addition, the Bank carries out agency activities on behalf of T\u00fcrk&#8230;<\/p>\n","protected":false},"author":1,"featured_media":0,"parent":14440,"menu_order":0,"comment_status":"closed","ping_status":"closed","template":"elementor_theme","meta":{"footnotes":""},"class_list":["post-14123","page","type-page","status-publish","hentry"],"_links":{"self":[{"href":"https:\/\/turkbankasi.com\/en\/wp-json\/wp\/v2\/pages\/14123","targetHints":{"allow":["GET"]}}],"collection":[{"href":"https:\/\/turkbankasi.com\/en\/wp-json\/wp\/v2\/pages"}],"about":[{"href":"https:\/\/turkbankasi.com\/en\/wp-json\/wp\/v2\/types\/page"}],"author":[{"embeddable":true,"href":"https:\/\/turkbankasi.com\/en\/wp-json\/wp\/v2\/users\/1"}],"replies":[{"embeddable":true,"href":"https:\/\/turkbankasi.com\/en\/wp-json\/wp\/v2\/comments?post=14123"}],"version-history":[{"count":20,"href":"https:\/\/turkbankasi.com\/en\/wp-json\/wp\/v2\/pages\/14123\/revisions"}],"predecessor-version":[{"id":17800,"href":"https:\/\/turkbankasi.com\/en\/wp-json\/wp\/v2\/pages\/14123\/revisions\/17800"}],"up":[{"embeddable":true,"href":"https:\/\/turkbankasi.com\/en\/wp-json\/wp\/v2\/pages\/14440"}],"wp:attachment":[{"href":"https:\/\/turkbankasi.com\/en\/wp-json\/wp\/v2\/media?parent=14123"}],"curies":[{"name":"wp","href":"https:\/\/api.w.org\/{rel}","templated":true}]}}