{"id":14187,"date":"2025-05-09T06:28:48","date_gmt":"2025-05-09T03:28:48","guid":{"rendered":"https:\/\/turkbankasi.com\/en\/?page_id=14187"},"modified":"2025-09-05T06:47:04","modified_gmt":"2025-09-05T03:47:04","slug":"mission-vision","status":"publish","type":"page","link":"https:\/\/turkbankasi.com\/en\/about-us\/mission-vision\/","title":{"rendered":"Mission &#038; Vision"},"content":{"rendered":"\t\t<div data-elementor-type=\"wp-page\" data-elementor-id=\"14187\" class=\"elementor elementor-14187\" data-elementor-post-type=\"page\">\n\t\t\t\t\t\t<section class=\"elementor-section elementor-top-section elementor-element elementor-element-3d9910c5 elementor-section-boxed elementor-section-height-default elementor-section-height-default\" data-id=\"3d9910c5\" data-element_type=\"section\" data-settings=\"{&quot;background_background&quot;:&quot;classic&quot;}\">\n\t\t\t\t\t\t<div class=\"elementor-container elementor-column-gap-default\">\n\t\t\t\t\t<div class=\"elementor-column elementor-col-100 elementor-top-column elementor-element elementor-element-5835caa4\" data-id=\"5835caa4\" data-element_type=\"column\">\n\t\t\t<div class=\"elementor-widget-wrap elementor-element-populated\">\n\t\t\t\t\t\t<section class=\"elementor-section elementor-inner-section elementor-element elementor-element-290f16ed elementor-section-boxed elementor-section-height-default elementor-section-height-default\" data-id=\"290f16ed\" data-element_type=\"section\">\n\t\t\t\t\t\t<div class=\"elementor-container elementor-column-gap-default\">\n\t\t\t\t\t<div class=\"elementor-column elementor-col-33 elementor-inner-column elementor-element elementor-element-1da67bfe\" data-id=\"1da67bfe\" data-element_type=\"column\">\n\t\t\t<div class=\"elementor-widget-wrap elementor-element-populated\">\n\t\t\t\t\t\t<div class=\"elementor-element elementor-element-56e8ad41 elementor-widget__width-initial elementor-widget-tablet__width-initial menu-hakkimizda elementor-widget elementor-widget-ucaddon_simple_list_menu\" data-id=\"56e8ad41\" data-element_type=\"widget\" id=\"menu-hakkimizda\" data-widget_type=\"ucaddon_simple_list_menu.default\">\n\t\t\t\t<div class=\"elementor-widget-container\">\n\t\t\t\t\t\n<!-- start List Menu -->\n\t\t<link id='font-awesome-css' href='https:\/\/turkbankasi.com\/en\/wp-content\/plugins\/unlimited-elements-for-elementor-premium 2\/assets_libraries\/font-awesome6\/fontawesome-all.min.css' type='text\/css' rel='stylesheet' >\n\t\t<link id='font-awesome-4-shim-css' href='https:\/\/turkbankasi.com\/en\/wp-content\/plugins\/unlimited-elements-for-elementor-premium 2\/assets_libraries\/font-awesome6\/fontawesome-v4-shims.min.css' type='text\/css' rel='stylesheet' >\n\n<style>\/* widget: List Menu *\/\n\n#uc_simple_list_menu_elementor_56e8ad41\n{\n  text-align:left;\n}\n#uc_simple_list_menu_elementor_56e8ad41 ul\n{\n  padding:0;\n  list-style:none;\n  margin:0;\n}\n\n#uc_simple_list_menu_elementor_56e8ad41 ul li\n{\n  padding:0;\n  list-style:none;\n  margin:0;\n}\n\n#uc_simple_list_menu_elementor_56e8ad41 ul li.current_page_item\n{\n  background-color:;\n}\n\n#uc_simple_list_menu_elementor_56e8ad41 ul ul li.current_page_item\n{\n  background-color:;\n}\n\n#uc_simple_list_menu_elementor_56e8ad41 ul ul ul li.current_page_item\n{\n  background-color:;\n}\n\n#uc_simple_list_menu_elementor_56e8ad41 ul li:last-child\n{\n  border-bottom:none;\n}\n\n#uc_simple_list_menu_elementor_56e8ad41 ul li a\n{\n  text-decoration:none;\n  display:block;\n}\n\n\n\n<\/style>\n\n<div id=\"uc_simple_list_menu_elementor_56e8ad41\" class=\"simple_list_menu\">\n<div class=\"ue_simple_list_menu_title\">About Us<\/div><ul id=\"menu-hakkimizda-sol\" class=\"uc-list-menu\"><li id=\"menu-item-17565\" class=\"menu-item menu-item-type-post_type menu-item-object-page menu-item-17565\"><a href=\"https:\/\/turkbankasi.com\/en\/about-us\/get-to-know-turkbankasi\/\">Get to Know T\u00fcrkBankas\u0131<\/a><\/li>\n<li id=\"menu-item-15736\" class=\"menu-item menu-item-type-post_type menu-item-object-page menu-item-15736\"><a href=\"https:\/\/turkbankasi.com\/en\/about-us\/mission-vision\/\">Mission &#038; Vision<\/a><\/li>\n<li id=\"menu-item-15764\" class=\"menu-item menu-item-type-custom menu-item-object-custom menu-item-15764\"><a href=\"https:\/\/www.turkishbankgroup.com\/en\/about-us\/history\">History<\/a><\/li>\n<li id=\"menu-item-17566\" class=\"menu-item menu-item-type-post_type menu-item-object-page menu-item-17566\"><a href=\"https:\/\/turkbankasi.com\/en\/about-us\/board-of-directors\/\">Board of Directors<\/a><\/li>\n<li id=\"menu-item-15734\" class=\"menu-item menu-item-type-post_type menu-item-object-page menu-item-15734\"><a href=\"https:\/\/turkbankasi.com\/en\/about-us\/group-companies\/\">Group Companies<\/a><\/li>\n<\/ul>\n<\/div>\n<!-- end List Menu -->\t\t\t\t<\/div>\n\t\t\t\t<\/div>\n\t\t\t\t\t<\/div>\n\t\t<\/div>\n\t\t\t\t<div class=\"elementor-column elementor-col-33 elementor-inner-column elementor-element elementor-element-346a04aa\" data-id=\"346a04aa\" data-element_type=\"column\">\n\t\t\t<div class=\"elementor-widget-wrap elementor-element-populated\">\n\t\t\t\t\t\t<div class=\"elementor-element elementor-element-3e8fb200 elementor-widget elementor-widget-image\" data-id=\"3e8fb200\" data-element_type=\"widget\" data-widget_type=\"image.default\">\n\t\t\t\t<div class=\"elementor-widget-container\">\n\t\t\t\t\t\t\t\t\t\t\t\t\t\t\t<img decoding=\"async\" width=\"150\" height=\"149\" src=\"https:\/\/turkbankasi.com\/en\/wp-content\/uploads\/2025\/05\/icon-1-2.png\" class=\"attachment-thumbnail size-thumbnail wp-image-14190\" alt=\"\" srcset=\"https:\/\/turkbankasi.com\/en\/wp-content\/uploads\/2025\/05\/icon-1-2.png 150w, https:\/\/turkbankasi.com\/en\/wp-content\/uploads\/2025\/05\/icon-1-2-75x75.png 75w\" sizes=\"(max-width: 150px) 100vw, 150px\" \/>\t\t\t\t\t\t\t\t\t\t\t\t\t\t\t<\/div>\n\t\t\t\t<\/div>\n\t\t\t\t<div class=\"elementor-element elementor-element-54749634 elementor-widget__width-initial elementor-widget elementor-widget-pix-text\" data-id=\"54749634\" data-element_type=\"widget\" data-widget_type=\"pix-text.default\">\n\t\t\t\t<div class=\"elementor-widget-container\">\n\t\t\t\t\t<div class=\"pix-el-text w-100 text-left \" ><p class=\"resp-option text-left \"><h5><span style=\"color: #dc5f13;\"><strong>Our Mission<\/strong><\/span><\/h5><p>\u00a0<\/p><p>Creating value for our customers, employees and shareholders through commitment to our principles of \u201cPrudent and Ethical Banking\u201d without compromising our historical values.<\/p><\/p><\/div>\t\t\t\t<\/div>\n\t\t\t\t<\/div>\n\t\t\t\t\t<\/div>\n\t\t<\/div>\n\t\t\t\t<div class=\"elementor-column elementor-col-33 elementor-inner-column elementor-element elementor-element-7a1c0971\" data-id=\"7a1c0971\" data-element_type=\"column\">\n\t\t\t<div class=\"elementor-widget-wrap elementor-element-populated\">\n\t\t\t\t\t\t<div class=\"elementor-element elementor-element-615398bc elementor-widget elementor-widget-image\" data-id=\"615398bc\" data-element_type=\"widget\" data-widget_type=\"image.default\">\n\t\t\t\t<div class=\"elementor-widget-container\">\n\t\t\t\t\t\t\t\t\t\t\t\t\t\t\t<img decoding=\"async\" width=\"150\" height=\"149\" src=\"https:\/\/turkbankasi.com\/en\/wp-content\/uploads\/2025\/05\/icon-1-7.png\" class=\"attachment-thumbnail size-thumbnail wp-image-14191\" alt=\"\" srcset=\"https:\/\/turkbankasi.com\/en\/wp-content\/uploads\/2025\/05\/icon-1-7.png 150w, https:\/\/turkbankasi.com\/en\/wp-content\/uploads\/2025\/05\/icon-1-7-75x75.png 75w\" sizes=\"(max-width: 150px) 100vw, 150px\" \/>\t\t\t\t\t\t\t\t\t\t\t\t\t\t\t<\/div>\n\t\t\t\t<\/div>\n\t\t\t\t<div class=\"elementor-element elementor-element-21ef7036 elementor-widget__width-initial elementor-widget elementor-widget-pix-text\" data-id=\"21ef7036\" data-element_type=\"widget\" data-widget_type=\"pix-text.default\">\n\t\t\t\t<div class=\"elementor-widget-container\">\n\t\t\t\t\t<div class=\"pix-el-text w-100 text-left \" ><p class=\"resp-option text-left \"><h5><span style=\"color: #dc5f13;\"><strong>Our Vision<\/strong><\/span><\/h5><p>\u00a0<\/p><p>Maintaining our stance as a trustworthy bank while meeting the financial needs of our clients with services and products of the highest quality through state-of-the-art distribution channels, strengthening our position in the sector by adopting high technology modern banking practices, and becoming the leader in the areas of specialization created through group synergy.<\/p><\/p><\/div>\t\t\t\t<\/div>\n\t\t\t\t<\/div>\n\t\t\t\t\t<\/div>\n\t\t<\/div>\n\t\t\t\t\t<\/div>\n\t\t<\/section>\n\t\t\t\t\t<\/div>\n\t\t<\/div>\n\t\t\t\t\t<\/div>\n\t\t<\/section>\n\t\t\t\t<\/div>\n\t\t","protected":false},"excerpt":{"rendered":"<p>About Us T\u00fcrkBankas\u0131\u2019n\u0131 Tan\u0131y\u0131n Tarih\u00e7e Mission &#038; Vision Kurumsal Y\u00f6netim Group Companies Bizden Haberler Raporlar Our Mission \u00a0 Creating value for our customers, employees and shareholders through commitment to our principles of \u201cPrudent and Ethical Banking\u201d without compromising our historical&#8230;<\/p>\n","protected":false},"author":1,"featured_media":0,"parent":14440,"menu_order":0,"comment_status":"closed","ping_status":"closed","template":"","meta":{"footnotes":""},"class_list":["post-14187","page","type-page","status-publish","hentry"],"_links":{"self":[{"href":"https:\/\/turkbankasi.com\/en\/wp-json\/wp\/v2\/pages\/14187","targetHints":{"allow":["GET"]}}],"collection":[{"href":"https:\/\/turkbankasi.com\/en\/wp-json\/wp\/v2\/pages"}],"about":[{"href":"https:\/\/turkbankasi.com\/en\/wp-json\/wp\/v2\/types\/page"}],"author":[{"embeddable":true,"href":"https:\/\/turkbankasi.com\/en\/wp-json\/wp\/v2\/users\/1"}],"replies":[{"embeddable":true,"href":"https:\/\/turkbankasi.com\/en\/wp-json\/wp\/v2\/comments?post=14187"}],"version-history":[{"count":14,"href":"https:\/\/turkbankasi.com\/en\/wp-json\/wp\/v2\/pages\/14187\/revisions"}],"predecessor-version":[{"id":17559,"href":"https:\/\/turkbankasi.com\/en\/wp-json\/wp\/v2\/pages\/14187\/revisions\/17559"}],"up":[{"embeddable":true,"href":"https:\/\/turkbankasi.com\/en\/wp-json\/wp\/v2\/pages\/14440"}],"wp:attachment":[{"href":"https:\/\/turkbankasi.com\/en\/wp-json\/wp\/v2\/media?parent=14187"}],"curies":[{"name":"wp","href":"https:\/\/api.w.org\/{rel}","templated":true}]}}