{"id":14239,"date":"2025-05-09T06:56:57","date_gmt":"2025-05-09T03:56:57","guid":{"rendered":"https:\/\/turkbankasi.com\/en\/?page_id=14239"},"modified":"2026-03-09T19:04:07","modified_gmt":"2026-03-09T16:04:07","slug":"board-of-directors","status":"publish","type":"page","link":"https:\/\/turkbankasi.com\/en\/about-us\/board-of-directors\/","title":{"rendered":"Board of Directors"},"content":{"rendered":"\t\t<div data-elementor-type=\"wp-page\" data-elementor-id=\"14239\" class=\"elementor elementor-14239\" data-elementor-post-type=\"page\">\n\t\t\t\t\t\t<section class=\"elementor-section elementor-top-section elementor-element elementor-element-3d9910c5 elementor-section-boxed elementor-section-height-default elementor-section-height-default\" data-id=\"3d9910c5\" data-element_type=\"section\" data-settings=\"{&quot;background_background&quot;:&quot;classic&quot;}\">\n\t\t\t\t\t\t<div class=\"elementor-container elementor-column-gap-default\">\n\t\t\t\t\t<div class=\"elementor-column elementor-col-100 elementor-top-column elementor-element elementor-element-5835caa4\" data-id=\"5835caa4\" data-element_type=\"column\">\n\t\t\t<div class=\"elementor-widget-wrap elementor-element-populated\">\n\t\t\t\t\t\t<section class=\"elementor-section elementor-inner-section elementor-element elementor-element-290f16ed elementor-section-boxed elementor-section-height-default elementor-section-height-default\" data-id=\"290f16ed\" data-element_type=\"section\">\n\t\t\t\t\t\t<div class=\"elementor-container elementor-column-gap-default\">\n\t\t\t\t\t<div class=\"elementor-column elementor-col-50 elementor-inner-column elementor-element elementor-element-1da67bfe\" data-id=\"1da67bfe\" data-element_type=\"column\">\n\t\t\t<div class=\"elementor-widget-wrap elementor-element-populated\">\n\t\t\t\t\t\t<div class=\"elementor-element elementor-element-56e8ad41 elementor-widget__width-initial elementor-widget-tablet__width-initial menu-hakkimizda elementor-widget elementor-widget-ucaddon_simple_list_menu\" data-id=\"56e8ad41\" data-element_type=\"widget\" id=\"menu-hakkimizda\" data-widget_type=\"ucaddon_simple_list_menu.default\">\n\t\t\t\t<div class=\"elementor-widget-container\">\n\t\t\t\t\t\n<!-- start List Menu -->\n\t\t<link id='font-awesome-css' href='https:\/\/turkbankasi.com\/en\/wp-content\/plugins\/unlimited-elements-for-elementor-premium 2\/assets_libraries\/font-awesome6\/fontawesome-all.min.css' type='text\/css' rel='stylesheet' >\n\t\t<link id='font-awesome-4-shim-css' href='https:\/\/turkbankasi.com\/en\/wp-content\/plugins\/unlimited-elements-for-elementor-premium 2\/assets_libraries\/font-awesome6\/fontawesome-v4-shims.min.css' type='text\/css' rel='stylesheet' >\n\n<style>\/* widget: List Menu *\/\n\n#uc_simple_list_menu_elementor_56e8ad41\n{\n  text-align:left;\n}\n#uc_simple_list_menu_elementor_56e8ad41 ul\n{\n  padding:0;\n  list-style:none;\n  margin:0;\n}\n\n#uc_simple_list_menu_elementor_56e8ad41 ul li\n{\n  padding:0;\n  list-style:none;\n  margin:0;\n}\n\n#uc_simple_list_menu_elementor_56e8ad41 ul li.current_page_item\n{\n  background-color:;\n}\n\n#uc_simple_list_menu_elementor_56e8ad41 ul ul li.current_page_item\n{\n  background-color:;\n}\n\n#uc_simple_list_menu_elementor_56e8ad41 ul ul ul li.current_page_item\n{\n  background-color:;\n}\n\n#uc_simple_list_menu_elementor_56e8ad41 ul li:last-child\n{\n  border-bottom:none;\n}\n\n#uc_simple_list_menu_elementor_56e8ad41 ul li a\n{\n  text-decoration:none;\n  display:block;\n}\n\n\n\n<\/style>\n\n<div id=\"uc_simple_list_menu_elementor_56e8ad41\" class=\"simple_list_menu\">\n<div class=\"ue_simple_list_menu_title\">About Us<\/div><ul id=\"menu-hakkimizda-sol\" class=\"uc-list-menu\"><li id=\"menu-item-17565\" class=\"menu-item menu-item-type-post_type menu-item-object-page menu-item-17565\"><a href=\"https:\/\/turkbankasi.com\/en\/about-us\/get-to-know-turkbankasi\/\">Get to Know T\u00fcrkBankas\u0131<\/a><\/li>\n<li id=\"menu-item-15736\" class=\"menu-item menu-item-type-post_type menu-item-object-page menu-item-15736\"><a href=\"https:\/\/turkbankasi.com\/en\/about-us\/mission-vision\/\">Mission &#038; Vision<\/a><\/li>\n<li id=\"menu-item-15764\" class=\"menu-item menu-item-type-custom menu-item-object-custom menu-item-15764\"><a href=\"https:\/\/www.turkishbankgroup.com\/en\/about-us\/history\">History<\/a><\/li>\n<li id=\"menu-item-17566\" class=\"menu-item menu-item-type-post_type menu-item-object-page menu-item-17566\"><a href=\"https:\/\/turkbankasi.com\/en\/about-us\/board-of-directors\/\">Board of Directors<\/a><\/li>\n<li id=\"menu-item-15734\" class=\"menu-item menu-item-type-post_type menu-item-object-page menu-item-15734\"><a href=\"https:\/\/turkbankasi.com\/en\/about-us\/group-companies\/\">Group Companies<\/a><\/li>\n<\/ul>\n<\/div>\n<!-- end List Menu -->\t\t\t\t<\/div>\n\t\t\t\t<\/div>\n\t\t\t\t\t<\/div>\n\t\t<\/div>\n\t\t\t\t<div class=\"elementor-column elementor-col-50 elementor-inner-column elementor-element elementor-element-5d5c76db\" data-id=\"5d5c76db\" data-element_type=\"column\">\n\t\t\t<div class=\"elementor-widget-wrap elementor-element-populated\">\n\t\t\t\t\t\t<div class=\"elementor-element elementor-element-724de65a elementor-widget elementor-widget-ucaddon_team_member_grid\" data-id=\"724de65a\" data-element_type=\"widget\" data-widget_type=\"ucaddon_team_member_grid.default\">\n\t\t\t\t<div class=\"elementor-widget-container\">\n\t\t\t\t\t\n<!-- start Team Member Grid -->\n\n<style>\/* widget: Team Member Grid *\/\n\n\n\n#uc_team_member_grid_elementor_724de65a *{\n  box-sizing:border-box;\n}\n#uc_team_member_grid_elementor_724de65a\n{\n  position:relative;\n  display:grid;\n}\n\n\n#uc_team_member_grid_elementor_724de65a .team_member_grid_image_container\n{\n  display:inline-block;\n  overflow:hidden;\n  position:relative;\n  vertical-align:bottom;\n}\n\n\n#uc_team_member_grid_elementor_724de65a .team_member_grid_image\n{\n  vertical-align:bottom;\n}\n\n#uc_team_member_grid_elementor_724de65a .team_member_grid_image img\n{\n  object-fit:cover;\n  width:100%;\n  display:block;\n  transition:0.5s;\n  vertical-align:bottom;\n}\n#uc_team_member_grid_elementor_724de65a .ue_grid_item\n{\n  position:relative;\n  overflow:hidden;  display:flex;\n  flex-direction:column;\n\n}\n.team_member_grid_title\n{\n  font-size:18px;\n}\n\n#uc_team_member_grid_elementor_724de65a .team_member_grid_icons a\n{\n  display:inline-flex;\n  text-decoration:none;\n  align-items:center;\n  justify-content:center;\n  line-height:1em;\n  transition:0.3s;\n}\n\n#uc_team_member_grid_elementor_724de65a .team_member_grid_icons a svg\n{\n  width:1em;\n  height:1em;\n}\n\n#uc_team_member_grid_elementor_724de65a .uc_more_btn\n{\n  transition:0.3s;\n  text-align:center;\n  text-decoration:none;\n}\n\n#uc_team_member_grid_elementor_724de65a .team_member_grid_image_overlay\n{\n  position:absolute;\n  top:0;\n  left:0;\n  transition:0.3s;\n  display:flex;\n  flex-direction:column;\n  justify-content:center;\n  align-items:center;\n}\n\n#uc_team_member_grid_elementor_724de65a .team_member_grid_content\n{\n  display:flex;\n  flex-direction:column;\n  flex-grow: 1;\n}\n\n\n#uc_team_member_grid_elementor_724de65a .team_member_grid_content .team_member_grid_text\n{\nflex-grow: 1;\n}\n\n#uc_team_member_grid_elementor_724de65a .team_member_grid_content .team_member_grid_icons\n{\n  margin-top:auto;\n}\n\n#uc_team_member_grid_elementor_724de65a .ue-company-logo img\n{\n  width:100%;\n}\n\n\n<\/style>\n\n<div id=\"uc_team_member_grid_elementor_724de65a\" class=\"team_member_grid uc-items-wrapper  \" >\n  \n<div class=\"ue_grid_item\">\n  <div class=\"team_member_grid_header\">\n    \n          <div class=\"team_member_grid_image\">\n        <div class=\"team_member_grid_image_container\">\n          <img fetchpriority=\"high\" decoding=\"async\" src=\"https:\/\/turkbankasi.com\/en\/wp-content\/uploads\/2025\/05\/Murat-Arig-768x768.jpg\" alt=\"Murat-Arig\"  src=\"https:\/\/turkbankasi.com\/en\/wp-content\/uploads\/2025\/05\/Murat-Arig-768x768.jpg\" alt=\"Murat-Arig\" width=\"768\" height=\"768\">\n          <div class=\"team_member_grid_image_overlay\">\n            \t\n                        <div class=\"team_member_grid_icons\">\n  <a class=\"\" href=\"https:\/\/www.linkedin.com\/in\/murat-arig-36118a2a\/\" ><i class='fab fa-linkedin'><\/i><\/a>\t\n  \t\n  \t\n  \t\n<\/div>\n          <\/div>\n        <\/div>\n      <\/div>\n    \n    \t\n    \t\n          \n        \n  <\/div>\n  \n  <div class=\"team_member_grid_content\">\n        \n    <div class=\"team_member_grid_title\">Murat ARI\u011e<\/div>\t\n    <div class=\"team_member_grid_subtitle\">Board Chairman<\/div>        \n    \n    <div class=\"team_member_grid_text\"><\/div>\t\n        \n        \n  <\/div>\n  \n    \n<\/div>\n\n<div class=\"ue_grid_item\">\n  <div class=\"team_member_grid_header\">\n    \n          <div class=\"team_member_grid_image\">\n        <div class=\"team_member_grid_image_container\">\n          <img decoding=\"async\" src=\"https:\/\/turkbankasi.com\/en\/wp-content\/uploads\/2025\/05\/Hakan-Bortecene-768x768.jpg\" alt=\"Hakan-Bortecene\"  src=\"https:\/\/turkbankasi.com\/en\/wp-content\/uploads\/2025\/05\/Hakan-Bortecene-768x768.jpg\" alt=\"Hakan-Bortecene\" width=\"768\" height=\"768\">\n          <div class=\"team_member_grid_image_overlay\">\n            \t\n                        <div class=\"team_member_grid_icons\">\n  <a class=\"\" href=\"https:\/\/www.linkedin.com\/in\/hakan-bortecene\/\" ><i class='fab fa-linkedin'><\/i><\/a>\t\n  \t\n  \t\n  \t\n<\/div>\n          <\/div>\n        <\/div>\n      <\/div>\n    \n    \t\n    \t\n          \n        \n  <\/div>\n  \n  <div class=\"team_member_grid_content\">\n        \n    <div class=\"team_member_grid_title\">\u0130. Hakan B\u00d6RTE\u00c7ENE<\/div>\t\n    <div class=\"team_member_grid_subtitle\">Board Member<\/div>        \n    \n    <div class=\"team_member_grid_text\"><\/div>\t\n        \n        \n  <\/div>\n  \n    \n<\/div>\n\n<div class=\"ue_grid_item\">\n  <div class=\"team_member_grid_header\">\n    \n          <div class=\"team_member_grid_image\">\n        <div class=\"team_member_grid_image_container\">\n          <img decoding=\"async\" src=\"https:\/\/turkbankasi.com\/en\/wp-content\/uploads\/2025\/08\/Melis-Bortece-768x768.jpg\" alt=\"Melis Bo\u0308rtece\"  src=\"https:\/\/turkbankasi.com\/en\/wp-content\/uploads\/2025\/08\/Melis-Bortece-768x768.jpg\" alt=\"Melis Bo\u0308rtece\" width=\"768\" height=\"768\">\n          <div class=\"team_member_grid_image_overlay\">\n            \t\n                        <div class=\"team_member_grid_icons\">\n  <a class=\"\" href=\"#\" ><i class='fab fa-linkedin'><\/i><\/a>\t\n  \t\n  \t\n  \t\n<\/div>\n          <\/div>\n        <\/div>\n      <\/div>\n    \n    \t\n    \t\n          \n        \n  <\/div>\n  \n  <div class=\"team_member_grid_content\">\n        \n    <div class=\"team_member_grid_title\">A. Melis B\u00d6RTE\u00c7ENE<\/div>\t\n    <div class=\"team_member_grid_subtitle\">Board Member<\/div>        \n    \n    <div class=\"team_member_grid_text\"><\/div>\t\n        \n        \n  <\/div>\n  \n    \n<\/div>\n\n<\/div>\n<!-- end Team Member Grid -->\t\t\t\t<\/div>\n\t\t\t\t<\/div>\n\t\t\t\t<div class=\"elementor-element elementor-element-13d47e99 elementor-widget elementor-widget-ucaddon_team_member_grid\" data-id=\"13d47e99\" data-element_type=\"widget\" data-widget_type=\"ucaddon_team_member_grid.default\">\n\t\t\t\t<div class=\"elementor-widget-container\">\n\t\t\t\t\t\n<!-- start Team Member Grid -->\n\n<style>\/* widget: Team Member Grid *\/\n\n\n\n#uc_team_member_grid_elementor_13d47e99 *{\n  box-sizing:border-box;\n}\n#uc_team_member_grid_elementor_13d47e99\n{\n  position:relative;\n  display:grid;\n}\n\n\n#uc_team_member_grid_elementor_13d47e99 .team_member_grid_image_container\n{\n  display:inline-block;\n  overflow:hidden;\n  position:relative;\n  vertical-align:bottom;\n}\n\n\n#uc_team_member_grid_elementor_13d47e99 .team_member_grid_image\n{\n  vertical-align:bottom;\n}\n\n#uc_team_member_grid_elementor_13d47e99 .team_member_grid_image img\n{\n  object-fit:cover;\n  width:100%;\n  display:block;\n  transition:0.5s;\n  vertical-align:bottom;\n}\n#uc_team_member_grid_elementor_13d47e99 .ue_grid_item\n{\n  position:relative;\n  overflow:hidden;  display:flex;\n  flex-direction:column;\n\n}\n.team_member_grid_title\n{\n  font-size:18px;\n}\n\n#uc_team_member_grid_elementor_13d47e99 .team_member_grid_icons a\n{\n  display:inline-flex;\n  text-decoration:none;\n  align-items:center;\n  justify-content:center;\n  line-height:1em;\n  transition:0.3s;\n}\n\n#uc_team_member_grid_elementor_13d47e99 .team_member_grid_icons a svg\n{\n  width:1em;\n  height:1em;\n}\n\n#uc_team_member_grid_elementor_13d47e99 .uc_more_btn\n{\n  transition:0.3s;\n  text-align:center;\n  text-decoration:none;\n}\n\n#uc_team_member_grid_elementor_13d47e99 .team_member_grid_image_overlay\n{\n  position:absolute;\n  top:0;\n  left:0;\n  transition:0.3s;\n  display:flex;\n  flex-direction:column;\n  justify-content:center;\n  align-items:center;\n}\n\n#uc_team_member_grid_elementor_13d47e99 .team_member_grid_content\n{\n  display:flex;\n  flex-direction:column;\n  flex-grow: 1;\n}\n\n\n#uc_team_member_grid_elementor_13d47e99 .team_member_grid_content .team_member_grid_text\n{\nflex-grow: 1;\n}\n\n#uc_team_member_grid_elementor_13d47e99 .team_member_grid_content .team_member_grid_icons\n{\n  margin-top:auto;\n}\n\n#uc_team_member_grid_elementor_13d47e99 .ue-company-logo img\n{\n  width:100%;\n}\n\n\n<\/style>\n\n<div id=\"uc_team_member_grid_elementor_13d47e99\" class=\"team_member_grid uc-items-wrapper  \" >\n  \n<div class=\"ue_grid_item\">\n  <div class=\"team_member_grid_header\">\n    \n          <div class=\"team_member_grid_image\">\n        <div class=\"team_member_grid_image_container\">\n          <img loading=\"lazy\" decoding=\"async\" src=\"https:\/\/turkbankasi.com\/en\/wp-content\/uploads\/2025\/05\/Kurt-Bortecene-768x768.jpg\" alt=\"Kurt-Bortecene\"  src=\"https:\/\/turkbankasi.com\/en\/wp-content\/uploads\/2025\/05\/Kurt-Bortecene-768x768.jpg\" alt=\"Kurt-Bortecene\" width=\"768\" height=\"768\">\n          <div class=\"team_member_grid_image_overlay\">\n            \t\n                        <div class=\"team_member_grid_icons\">\n  <a class=\"\" href=\"https:\/\/www.linkedin.com\/in\/kurtbortecene\/\" ><i class='fab fa-linkedin'><\/i><\/a>\t\n  \t\n  \t\n  \t\n<\/div>\n          <\/div>\n        <\/div>\n      <\/div>\n    \n    \t\n    \t\n          \n        \n  <\/div>\n  \n  <div class=\"team_member_grid_content\">\n        \n    <div class=\"team_member_grid_title\">Kurt B\u00d6RTE\u00c7ENE<\/div>\t\n    <div class=\"team_member_grid_subtitle\">Board Member<\/div>        \n    \n    <div class=\"team_member_grid_text\"><\/div>\t\n        \n        \n  <\/div>\n  \n    \n<\/div>\n\n<div class=\"ue_grid_item\">\n  <div class=\"team_member_grid_header\">\n    \n          <div class=\"team_member_grid_image\">\n        <div class=\"team_member_grid_image_container\">\n          <img loading=\"lazy\" decoding=\"async\" src=\"https:\/\/turkbankasi.com\/en\/wp-content\/uploads\/2025\/08\/Kozan-Karakurt-1-768x768.jpg\" alt=\"Kozan Karakurt (1)\"  src=\"https:\/\/turkbankasi.com\/en\/wp-content\/uploads\/2025\/08\/Kozan-Karakurt-1-768x768.jpg\" alt=\"Kozan Karakurt (1)\" width=\"768\" height=\"768\">\n          <div class=\"team_member_grid_image_overlay\">\n            \t\n                        <div class=\"team_member_grid_icons\">\n  <a class=\"\" href=\"https:\/\/www.linkedin.com\/in\/kozankarakurt\" ><i class='fab fa-linkedin'><\/i><\/a>\t\n  \t\n  \t\n  \t\n<\/div>\n          <\/div>\n        <\/div>\n      <\/div>\n    \n    \t\n    \t\n          \n        \n  <\/div>\n  \n  <div class=\"team_member_grid_content\">\n        \n    <div class=\"team_member_grid_title\">Kozan KARAKURT<\/div>\t\n    <div class=\"team_member_grid_subtitle\">Board Member Responsible for Internal Systems<\/div>        \n    \n    <div class=\"team_member_grid_text\"><\/div>\t\n        \n        \n  <\/div>\n  \n    \n<\/div>\n\n<div class=\"ue_grid_item\">\n  <div class=\"team_member_grid_header\">\n    \n          <div class=\"team_member_grid_image\">\n        <div class=\"team_member_grid_image_container\">\n          <img loading=\"lazy\" decoding=\"async\" src=\"https:\/\/turkbankasi.com\/en\/wp-content\/uploads\/2025\/08\/Sertac-Ozinal-768x768.jpg\" alt=\"Sertac\u0327 O\u0308zinal\"  src=\"https:\/\/turkbankasi.com\/en\/wp-content\/uploads\/2025\/08\/Sertac-Ozinal-768x768.jpg\" alt=\"Sertac\u0327 O\u0308zinal\" width=\"768\" height=\"768\">\n          <div class=\"team_member_grid_image_overlay\">\n            \t\n                        <div class=\"team_member_grid_icons\">\n  <a class=\"\" href=\"https:\/\/www.linkedin.com\/in\/sertac-ozinal-a017014\" ><i class='fab fa-linkedin'><\/i><\/a>\t\n  \t\n  \t\n  \t\n<\/div>\n          <\/div>\n        <\/div>\n      <\/div>\n    \n    \t\n    \t\n          \n        \n  <\/div>\n  \n  <div class=\"team_member_grid_content\">\n        \n    <div class=\"team_member_grid_title\">Serta\u00e7 \u00d6Z\u0130NAL<\/div>\t\n    <div class=\"team_member_grid_subtitle\">Board Member<\/div>        \n    \n    <div class=\"team_member_grid_text\"><\/div>\t\n        \n        \n  <\/div>\n  \n    \n<\/div>\n\n<\/div>\n<!-- end Team Member Grid -->\t\t\t\t<\/div>\n\t\t\t\t<\/div>\n\t\t\t\t<div class=\"elementor-element elementor-element-303c6357 elementor-widget elementor-widget-ucaddon_team_member_grid\" data-id=\"303c6357\" data-element_type=\"widget\" data-widget_type=\"ucaddon_team_member_grid.default\">\n\t\t\t\t<div class=\"elementor-widget-container\">\n\t\t\t\t\t\n<!-- start Team Member Grid -->\n\n<style>\/* widget: Team Member Grid *\/\n\n\n\n#uc_team_member_grid_elementor_303c6357 *{\n  box-sizing:border-box;\n}\n#uc_team_member_grid_elementor_303c6357\n{\n  position:relative;\n  display:grid;\n}\n\n\n#uc_team_member_grid_elementor_303c6357 .team_member_grid_image_container\n{\n  display:inline-block;\n  overflow:hidden;\n  position:relative;\n  vertical-align:bottom;\n}\n\n\n#uc_team_member_grid_elementor_303c6357 .team_member_grid_image\n{\n  vertical-align:bottom;\n}\n\n#uc_team_member_grid_elementor_303c6357 .team_member_grid_image img\n{\n  object-fit:cover;\n  width:100%;\n  display:block;\n  transition:0.5s;\n  vertical-align:bottom;\n}\n#uc_team_member_grid_elementor_303c6357 .ue_grid_item\n{\n  position:relative;\n  overflow:hidden;  display:flex;\n  flex-direction:column;\n\n}\n.team_member_grid_title\n{\n  font-size:18px;\n}\n\n#uc_team_member_grid_elementor_303c6357 .team_member_grid_icons a\n{\n  display:inline-flex;\n  text-decoration:none;\n  align-items:center;\n  justify-content:center;\n  line-height:1em;\n  transition:0.3s;\n}\n\n#uc_team_member_grid_elementor_303c6357 .team_member_grid_icons a svg\n{\n  width:1em;\n  height:1em;\n}\n\n#uc_team_member_grid_elementor_303c6357 .uc_more_btn\n{\n  transition:0.3s;\n  text-align:center;\n  text-decoration:none;\n}\n\n#uc_team_member_grid_elementor_303c6357 .team_member_grid_image_overlay\n{\n  position:absolute;\n  top:0;\n  left:0;\n  transition:0.3s;\n  display:flex;\n  flex-direction:column;\n  justify-content:center;\n  align-items:center;\n}\n\n#uc_team_member_grid_elementor_303c6357 .team_member_grid_content\n{\n  display:flex;\n  flex-direction:column;\n  flex-grow: 1;\n}\n\n\n#uc_team_member_grid_elementor_303c6357 .team_member_grid_content .team_member_grid_text\n{\nflex-grow: 1;\n}\n\n#uc_team_member_grid_elementor_303c6357 .team_member_grid_content .team_member_grid_icons\n{\n  margin-top:auto;\n}\n\n#uc_team_member_grid_elementor_303c6357 .ue-company-logo img\n{\n  width:100%;\n}\n\n\n<\/style>\n\n<div id=\"uc_team_member_grid_elementor_303c6357\" class=\"team_member_grid uc-items-wrapper  \" >\n  \n<div class=\"ue_grid_item\">\n  <div class=\"team_member_grid_header\">\n    \n          <div class=\"team_member_grid_image\">\n        <div class=\"team_member_grid_image_container\">\n          <img loading=\"lazy\" decoding=\"async\" src=\"https:\/\/turkbankasi.com\/en\/wp-content\/uploads\/2025\/08\/Mustafa-Kayahan-768x768.jpg\" alt=\"Mustafa Kayahan\"  src=\"https:\/\/turkbankasi.com\/en\/wp-content\/uploads\/2025\/08\/Mustafa-Kayahan-768x768.jpg\" alt=\"Mustafa Kayahan\" width=\"768\" height=\"768\">\n          <div class=\"team_member_grid_image_overlay\">\n            \t\n                        <div class=\"team_member_grid_icons\">\n  <a class=\"\" href=\"https:\/\/www.linkedin.com\/in\/mustafa-kayahan-523001211\" ><i class='fab fa-linkedin'><\/i><\/a>\t\n  \t\n  \t\n  \t\n<\/div>\n          <\/div>\n        <\/div>\n      <\/div>\n    \n    \t\n    \t\n          \n        \n  <\/div>\n  \n  <div class=\"team_member_grid_content\">\n        \n    <div class=\"team_member_grid_title\">Mustafa KAYAHAN<\/div>\t\n    <div class=\"team_member_grid_subtitle\">Board Member<\/div>        \n    \n    <div class=\"team_member_grid_text\"><\/div>\t\n        \n        \n  <\/div>\n  \n    \n<\/div>\n\n<div class=\"ue_grid_item\">\n  <div class=\"team_member_grid_header\">\n    \n          <div class=\"team_member_grid_image\">\n        <div class=\"team_member_grid_image_container\">\n          <img loading=\"lazy\" decoding=\"async\" src=\"https:\/\/turkbankasi.com\/en\/wp-content\/uploads\/2025\/08\/Mehmet-Salih-Havali-768x768.jpg\" alt=\"Mehmet Salih Haval\u0131\"  src=\"https:\/\/turkbankasi.com\/en\/wp-content\/uploads\/2025\/08\/Mehmet-Salih-Havali-768x768.jpg\" alt=\"Mehmet Salih Haval\u0131\" width=\"768\" height=\"768\">\n          <div class=\"team_member_grid_image_overlay\">\n            \t\n                        <div class=\"team_member_grid_icons\">\n  <a class=\"\" href=\"https:\/\/www.linkedin.com\/in\/mehmet-salih-havali-03893b1b\" ><i class='fab fa-linkedin'><\/i><\/a>\t\n  \t\n  \t\n  \t\n<\/div>\n          <\/div>\n        <\/div>\n      <\/div>\n    \n    \t\n    \t\n          \n        \n  <\/div>\n  \n  <div class=\"team_member_grid_content\">\n        \n    <div class=\"team_member_grid_title\">M. Salih HAVALI<\/div>\t\n    <div class=\"team_member_grid_subtitle\">Board Member and Managing Director<\/div>        \n    \n    <div class=\"team_member_grid_text\"><\/div>\t\n        \n        \n  <\/div>\n  \n    \n<\/div>\n\n<\/div>\n<!-- end Team Member Grid -->\t\t\t\t<\/div>\n\t\t\t\t<\/div>\n\t\t\t\t\t<\/div>\n\t\t<\/div>\n\t\t\t\t\t<\/div>\n\t\t<\/section>\n\t\t\t\t\t<\/div>\n\t\t<\/div>\n\t\t\t\t\t<\/div>\n\t\t<\/section>\n\t\t\t\t<\/div>\n\t\t","protected":false},"excerpt":{"rendered":"<p>About Us Get to Know T\u00fcrkBankas\u0131 Mission &#038; Vision History Board of Directors Group Companies Murat ARI\u011e Board Chairman \u0130. Hakan B\u00d6RTE\u00c7ENE Board Member A. Melis B\u00d6RTE\u00c7ENE Board Member Kurt B\u00d6RTE\u00c7ENE Board Member Kozan KARAKURT Board Member Responsible for Internal&#8230;<\/p>\n","protected":false},"author":1,"featured_media":0,"parent":14440,"menu_order":0,"comment_status":"closed","ping_status":"closed","template":"","meta":{"footnotes":""},"class_list":["post-14239","page","type-page","status-publish","hentry"],"_links":{"self":[{"href":"https:\/\/turkbankasi.com\/en\/wp-json\/wp\/v2\/pages\/14239","targetHints":{"allow":["GET"]}}],"collection":[{"href":"https:\/\/turkbankasi.com\/en\/wp-json\/wp\/v2\/pages"}],"about":[{"href":"https:\/\/turkbankasi.com\/en\/wp-json\/wp\/v2\/types\/page"}],"author":[{"embeddable":true,"href":"https:\/\/turkbankasi.com\/en\/wp-json\/wp\/v2\/users\/1"}],"replies":[{"embeddable":true,"href":"https:\/\/turkbankasi.com\/en\/wp-json\/wp\/v2\/comments?post=14239"}],"version-history":[{"count":20,"href":"https:\/\/turkbankasi.com\/en\/wp-json\/wp\/v2\/pages\/14239\/revisions"}],"predecessor-version":[{"id":17821,"href":"https:\/\/turkbankasi.com\/en\/wp-json\/wp\/v2\/pages\/14239\/revisions\/17821"}],"up":[{"embeddable":true,"href":"https:\/\/turkbankasi.com\/en\/wp-json\/wp\/v2\/pages\/14440"}],"wp:attachment":[{"href":"https:\/\/turkbankasi.com\/en\/wp-json\/wp\/v2\/media?parent=14239"}],"curies":[{"name":"wp","href":"https:\/\/api.w.org\/{rel}","templated":true}]}}