{"id":14448,"date":"2025-07-04T10:31:35","date_gmt":"2025-07-04T07:31:35","guid":{"rendered":"https:\/\/turkbankasi.com\/en\/?page_id=14448"},"modified":"2025-09-18T02:07:40","modified_gmt":"2025-09-17T23:07:40","slug":"working-hours","status":"publish","type":"page","link":"https:\/\/turkbankasi.com\/en\/about-us\/working-hours\/","title":{"rendered":"Working Hours"},"content":{"rendered":"\t\t<div data-elementor-type=\"wp-page\" data-elementor-id=\"14448\" class=\"elementor elementor-14448\" data-elementor-post-type=\"page\">\n\t\t\t\t\t\t<section class=\"elementor-section elementor-top-section elementor-element elementor-element-3d9910c5 elementor-section-boxed elementor-section-height-default elementor-section-height-default\" data-id=\"3d9910c5\" data-element_type=\"section\" data-settings=\"{&quot;background_background&quot;:&quot;classic&quot;}\">\n\t\t\t\t\t\t<div class=\"elementor-container elementor-column-gap-default\">\n\t\t\t\t\t<div class=\"elementor-column elementor-col-100 elementor-top-column elementor-element elementor-element-5835caa4\" data-id=\"5835caa4\" data-element_type=\"column\">\n\t\t\t<div class=\"elementor-widget-wrap elementor-element-populated\">\n\t\t\t\t\t\t<section class=\"elementor-section elementor-inner-section elementor-element elementor-element-290f16ed elementor-section-boxed elementor-section-height-default elementor-section-height-default\" data-id=\"290f16ed\" data-element_type=\"section\">\n\t\t\t\t\t\t<div class=\"elementor-container elementor-column-gap-default\">\n\t\t\t\t\t<div class=\"elementor-column elementor-col-100 elementor-inner-column elementor-element elementor-element-1538f116\" data-id=\"1538f116\" data-element_type=\"column\">\n\t\t\t<div class=\"elementor-widget-wrap elementor-element-populated\">\n\t\t\t\t\t\t<div class=\"elementor-element elementor-element-2986765 elementor-widget elementor-widget-ucaddon_business_hours\" data-id=\"2986765\" data-element_type=\"widget\" data-widget_type=\"ucaddon_business_hours.default\">\n\t\t\t\t<div class=\"elementor-widget-container\">\n\t\t\t\t\t\n<!-- start Business Hours -->\n<style>\/* widget: Business Hours *\/\n\n#uc_business_hours_elementor_2986765\n{\n  overflow:hidden;\n}\n#uc_business_hours_elementor_2986765 .ue_business_hours_list_item\n{\n  display:flex;\n  align-items:center;\n  width:100%;\n}\n\n#uc_business_hours_elementor_2986765 .ue_business_hours_list_item_title\n{\n  flex-grow:0;\n  flex-shrink:0;\n}\n\n#uc_business_hours_elementor_2986765 .ue_business_hours_list_item_text\n{\n  flex-grow:0;\n  flex-shrink:0;\n}\n\n#uc_business_hours_elementor_2986765 .ue_business_hours_list_item_line\n{\n  flex-grow:1;\n}\n\n#uc_business_hours_elementor_2986765 .ue_business_hours_list_item_seperator:last-child\n{\n  display:none;\n}\n\n#uc_business_hours_elementor_2986765 .ue_business_hours_list_item_line\n{\n  width:100%;\n}\n\n.ue_business_hours_header_title\n{\n  font-size:21px;\n}\n\n<\/style>\n\n<div id=\"uc_business_hours_elementor_2986765\" class=\"ue_business_hours\">\n\n    <div class=\"ue_business_hours_header\">\n    <div class=\"ue_business_hours_header_title\">Winter Working Hours<\/div>\n    <div class=\"ue_business_hours_header_subtitle\"><\/div>\n  <\/div>\n  \t\n  \n  <div class=\"ue_business_hours_list\">\n    <div class=\"ue_business_hours_list_item\">\n  <div class=\"ue_business_hours_list_item_title\">Weekdays<\/div>\n  <div class=\"ue_business_hours_list_item_line\"><\/div>\n  <div class=\"ue_business_hours_list_item_text\">08.10 -12.45 | 14.00 - 16.15<\/div>\n<\/div>\n<div class=\"ue_business_hours_list_item_seperator\"><\/div>\n\n  <\/div>\n  \n    <div class=\"ue_business_hours_footer\">\n    1 September - 31 May\n  <\/div>\n  <\/div>\n\n<!-- -->\n<!-- end Business Hours -->\t\t\t\t<\/div>\n\t\t\t\t<\/div>\n\t\t\t\t<div class=\"elementor-element elementor-element-2659ce7 elementor-widget elementor-widget-ucaddon_business_hours\" data-id=\"2659ce7\" data-element_type=\"widget\" data-widget_type=\"ucaddon_business_hours.default\">\n\t\t\t\t<div class=\"elementor-widget-container\">\n\t\t\t\t\t\n<!-- start Business Hours -->\n<style>\/* widget: Business Hours *\/\n\n#uc_business_hours_elementor_2659ce7\n{\n  overflow:hidden;\n}\n#uc_business_hours_elementor_2659ce7 .ue_business_hours_list_item\n{\n  display:flex;\n  align-items:center;\n  width:100%;\n}\n\n#uc_business_hours_elementor_2659ce7 .ue_business_hours_list_item_title\n{\n  flex-grow:0;\n  flex-shrink:0;\n}\n\n#uc_business_hours_elementor_2659ce7 .ue_business_hours_list_item_text\n{\n  flex-grow:0;\n  flex-shrink:0;\n}\n\n#uc_business_hours_elementor_2659ce7 .ue_business_hours_list_item_line\n{\n  flex-grow:1;\n}\n\n#uc_business_hours_elementor_2659ce7 .ue_business_hours_list_item_seperator:last-child\n{\n  display:none;\n}\n\n#uc_business_hours_elementor_2659ce7 .ue_business_hours_list_item_line\n{\n  width:100%;\n}\n\n.ue_business_hours_header_title\n{\n  font-size:21px;\n}\n\n<\/style>\n\n<div id=\"uc_business_hours_elementor_2659ce7\" class=\"ue_business_hours\">\n\n    <div class=\"ue_business_hours_header\">\n    <div class=\"ue_business_hours_header_title\">Summer Working Hours<\/div>\n    <div class=\"ue_business_hours_header_subtitle\"><\/div>\n  <\/div>\n  \t\n  \n  <div class=\"ue_business_hours_list\">\n    <div class=\"ue_business_hours_list_item\">\n  <div class=\"ue_business_hours_list_item_title\">Monday<\/div>\n  <div class=\"ue_business_hours_list_item_line\"><\/div>\n  <div class=\"ue_business_hours_list_item_text\">08.10 -12.45 | 14.00 - 16.15<\/div>\n<\/div>\n<div class=\"ue_business_hours_list_item_seperator\"><\/div>\n<div class=\"ue_business_hours_list_item\">\n  <div class=\"ue_business_hours_list_item_title\">Tuesday<\/div>\n  <div class=\"ue_business_hours_list_item_line\"><\/div>\n  <div class=\"ue_business_hours_list_item_text\">08.10 -12.45 | 14.00 - 16.15<\/div>\n<\/div>\n<div class=\"ue_business_hours_list_item_seperator\"><\/div>\n<div class=\"ue_business_hours_list_item\">\n  <div class=\"ue_business_hours_list_item_title\">Wednesday<\/div>\n  <div class=\"ue_business_hours_list_item_line\"><\/div>\n  <div class=\"ue_business_hours_list_item_text\">8.10 - 14.00<\/div>\n<\/div>\n<div class=\"ue_business_hours_list_item_seperator\"><\/div>\n<div class=\"ue_business_hours_list_item\">\n  <div class=\"ue_business_hours_list_item_title\">Thursday<\/div>\n  <div class=\"ue_business_hours_list_item_line\"><\/div>\n  <div class=\"ue_business_hours_list_item_text\">08:10 -12.45 | 14.00 - 16.15<\/div>\n<\/div>\n<div class=\"ue_business_hours_list_item_seperator\"><\/div>\n<div class=\"ue_business_hours_list_item\">\n  <div class=\"ue_business_hours_list_item_title\">Friday<\/div>\n  <div class=\"ue_business_hours_list_item_line\"><\/div>\n  <div class=\"ue_business_hours_list_item_text\">08.10 -12.45 | 14.00 - 16.15<\/div>\n<\/div>\n<div class=\"ue_business_hours_list_item_seperator\"><\/div>\n\n  <\/div>\n  \n    <div class=\"ue_business_hours_footer\">\n    1 June - 31 August <br>We are closed on Saturdays and Sundays.\n  <\/div>\n  <\/div>\n\n<!-- -->\n<!-- end Business Hours -->\t\t\t\t<\/div>\n\t\t\t\t<\/div>\n\t\t\t\t<div class=\"elementor-element elementor-element-2cdb9ba6 elementor-hidden-desktop elementor-hidden-tablet elementor-hidden-mobile elementor-widget elementor-widget-pix-button\" data-id=\"2cdb9ba6\" data-element_type=\"widget\" data-widget_type=\"pix-button.default\">\n\t\t\t\t<div class=\"elementor-widget-container\">\n\t\t\t\t\t<a  href=\"https:\/\/www.turkishbank.com\/\" class=\"btn m-0     btn-link text-primary d-inline-flex align-items-center pix-hover-item  no-padding     btn-lg\"     ><span class=\"font-weight-bold \" >TurkishBank web sitesine ula\u015fmak i\u00e7in t\u0131klay\u0131n\u0131z<\/span><svg class=\"pixfort-icon font-weight-bold  pix-hover-right  ml-2\" width=\"24\" height=\"24\"  data-name=\"Line\/pixfort-icon-arrow-right-2\" viewBox=\"2 2 20 20\"><polyline fill=\"none\" stroke=\"var(--pf-icon-color)\" stroke-linecap=\"round\" stroke-linejoin=\"round\" stroke-width=\"var(--pf-icon-stroke-width)\" points=\"9.5 17 14.5 12 9.5 7\"\/><\/svg><\/a>\t\t\t\t<\/div>\n\t\t\t\t<\/div>\n\t\t\t\t\t<\/div>\n\t\t<\/div>\n\t\t\t\t\t<\/div>\n\t\t<\/section>\n\t\t\t\t\t<\/div>\n\t\t<\/div>\n\t\t\t\t\t<\/div>\n\t\t<\/section>\n\t\t\t\t<\/div>\n\t\t","protected":false},"excerpt":{"rendered":"<p>Winter Working Hours Weekdays 08.10 -12.45 | 14.00 &#8211; 16.15 1 September &#8211; 31 May Summer Working Hours Monday 08.10 -12.45 | 14.00 &#8211; 16.15 Tuesday 08.10 -12.45 | 14.00 &#8211; 16.15 Wednesday 8.10 &#8211; 14.00 Thursday 08:10 -12.45 |&#8230;<\/p>\n","protected":false},"author":1,"featured_media":0,"parent":14440,"menu_order":0,"comment_status":"closed","ping_status":"closed","template":"elementor_theme","meta":{"footnotes":""},"class_list":["post-14448","page","type-page","status-publish","hentry"],"_links":{"self":[{"href":"https:\/\/turkbankasi.com\/en\/wp-json\/wp\/v2\/pages\/14448","targetHints":{"allow":["GET"]}}],"collection":[{"href":"https:\/\/turkbankasi.com\/en\/wp-json\/wp\/v2\/pages"}],"about":[{"href":"https:\/\/turkbankasi.com\/en\/wp-json\/wp\/v2\/types\/page"}],"author":[{"embeddable":true,"href":"https:\/\/turkbankasi.com\/en\/wp-json\/wp\/v2\/users\/1"}],"replies":[{"embeddable":true,"href":"https:\/\/turkbankasi.com\/en\/wp-json\/wp\/v2\/comments?post=14448"}],"version-history":[{"count":20,"href":"https:\/\/turkbankasi.com\/en\/wp-json\/wp\/v2\/pages\/14448\/revisions"}],"predecessor-version":[{"id":17666,"href":"https:\/\/turkbankasi.com\/en\/wp-json\/wp\/v2\/pages\/14448\/revisions\/17666"}],"up":[{"embeddable":true,"href":"https:\/\/turkbankasi.com\/en\/wp-json\/wp\/v2\/pages\/14440"}],"wp:attachment":[{"href":"https:\/\/turkbankasi.com\/en\/wp-json\/wp\/v2\/media?parent=14448"}],"curies":[{"name":"wp","href":"https:\/\/api.w.org\/{rel}","templated":true}]}}