{"id":17487,"date":"2025-09-05T06:20:12","date_gmt":"2025-09-05T03:20:12","guid":{"rendered":"https:\/\/turkbankasi.com\/en\/?page_id=17487"},"modified":"2025-09-30T11:06:00","modified_gmt":"2025-09-30T08:06:00","slug":"private-banking","status":"publish","type":"page","link":"https:\/\/turkbankasi.com\/en\/private-banking\/","title":{"rendered":"Private Banking"},"content":{"rendered":"\t\t<div data-elementor-type=\"wp-page\" data-elementor-id=\"17487\" class=\"elementor elementor-17487\" data-elementor-post-type=\"page\">\n\t\t\t\t\t\t<section class=\"elementor-section elementor-top-section elementor-element elementor-element-7989eef7 elementor-section-boxed elementor-section-height-default elementor-section-height-default\" data-id=\"7989eef7\" data-element_type=\"section\" data-settings=\"{&quot;background_background&quot;:&quot;classic&quot;}\">\n\t\t\t\t\t\t<div class=\"elementor-container elementor-column-gap-default\">\n\t\t\t\t\t<div class=\"elementor-column elementor-col-100 elementor-top-column elementor-element elementor-element-2bc15a38\" data-id=\"2bc15a38\" data-element_type=\"column\">\n\t\t\t<div class=\"elementor-widget-wrap elementor-element-populated\">\n\t\t\t\t\t\t<section class=\"elementor-section elementor-inner-section elementor-element elementor-element-9f49508 elementor-section-boxed elementor-section-height-default elementor-section-height-default\" data-id=\"9f49508\" data-element_type=\"section\">\n\t\t\t\t\t\t<div class=\"elementor-container elementor-column-gap-default\">\n\t\t\t\t\t<div class=\"elementor-column elementor-col-50 elementor-inner-column elementor-element elementor-element-dc9c0e2\" data-id=\"dc9c0e2\" data-element_type=\"column\">\n\t\t\t<div class=\"elementor-widget-wrap elementor-element-populated\">\n\t\t\t\t\t\t<div class=\"elementor-element elementor-element-1d1a808a elementor-widget__width-initial elementor-widget-tablet__width-initial elementor-widget elementor-widget-ucaddon_simple_list_menu\" data-id=\"1d1a808a\" data-element_type=\"widget\" data-widget_type=\"ucaddon_simple_list_menu.default\">\n\t\t\t\t<div class=\"elementor-widget-container\">\n\t\t\t\t\t\n<!-- start List Menu -->\n\t\t<link id='font-awesome-css' href='https:\/\/turkbankasi.com\/en\/wp-content\/plugins\/unlimited-elements-for-elementor-premium 2\/assets_libraries\/font-awesome6\/fontawesome-all.min.css' type='text\/css' rel='stylesheet' >\n\t\t<link id='font-awesome-4-shim-css' href='https:\/\/turkbankasi.com\/en\/wp-content\/plugins\/unlimited-elements-for-elementor-premium 2\/assets_libraries\/font-awesome6\/fontawesome-v4-shims.min.css' type='text\/css' rel='stylesheet' >\n\n<style>\/* widget: List Menu *\/\n\n#uc_simple_list_menu_elementor_1d1a808a\n{\n  text-align:left;\n}\n#uc_simple_list_menu_elementor_1d1a808a ul\n{\n  padding:0;\n  list-style:none;\n  margin:0;\n}\n\n#uc_simple_list_menu_elementor_1d1a808a ul li\n{\n  padding:0;\n  list-style:none;\n  margin:0;\n}\n\n#uc_simple_list_menu_elementor_1d1a808a ul li.current_page_item\n{\n  background-color:;\n}\n\n#uc_simple_list_menu_elementor_1d1a808a ul ul li.current_page_item\n{\n  background-color:;\n}\n\n#uc_simple_list_menu_elementor_1d1a808a ul ul ul li.current_page_item\n{\n  background-color:;\n}\n\n#uc_simple_list_menu_elementor_1d1a808a ul li:last-child\n{\n  border-bottom:none;\n}\n\n#uc_simple_list_menu_elementor_1d1a808a ul li a\n{\n  text-decoration:none;\n  display:block;\n}\n\n\n\n<\/style>\n\n<div id=\"uc_simple_list_menu_elementor_1d1a808a\" class=\"simple_list_menu\">\n<div class=\"ue_simple_list_menu_title\"><\/div><ul id=\"menu-bireysel-sol\" class=\"uc-list-menu\"><li id=\"menu-item-17498\" class=\"menu-item menu-item-type-post_type menu-item-object-page menu-item-17498\"><a href=\"https:\/\/turkbankasi.com\/en\/retail-banking\/\">Retail Banking<\/a><\/li>\n<li id=\"menu-item-17497\" class=\"menu-item menu-item-type-post_type menu-item-object-page menu-item-17497\"><a href=\"https:\/\/turkbankasi.com\/en\/commercial-banking\/\">Commercial Banking<\/a><\/li>\n<li id=\"menu-item-17496\" class=\"menu-item menu-item-type-post_type menu-item-object-page menu-item-17496\"><a href=\"https:\/\/turkbankasi.com\/en\/private-banking\/\">Private Banking<\/a><\/li>\n<\/ul>\n<\/div>\n<!-- end List Menu -->\t\t\t\t<\/div>\n\t\t\t\t<\/div>\n\t\t\t\t\t<\/div>\n\t\t<\/div>\n\t\t\t\t<div class=\"elementor-column elementor-col-50 elementor-inner-column elementor-element elementor-element-6bd459a2\" data-id=\"6bd459a2\" data-element_type=\"column\">\n\t\t\t<div class=\"elementor-widget-wrap elementor-element-populated\">\n\t\t\t\t\t\t<div class=\"elementor-element elementor-element-417e808 elementor-widget elementor-widget-pix-text\" data-id=\"417e808\" data-element_type=\"widget\" data-widget_type=\"pix-text.default\">\n\t\t\t\t<div class=\"elementor-widget-container\">\n\t\t\t\t\t<div class=\"pix-el-text w-100 text-left \" ><p class=\"resp-option text-left \"><div class=\"elementor-element elementor-element-b0b05ad elementor-widget elementor-widget-pix-text\" data-id=\"b0b05ad\" data-element_type=\"widget\" data-widget_type=\"pix-text.default\"><div class=\"elementor-widget-container\"><div class=\"pix-el-text w-100 text-left \"><p>Open Investment Platform is a financial market designed to help you manage your assets in the most effective way, distinguished by its independent and impartial analyses. This unique platform opens the door to all market opportunities, not just the products of a single institution, offering an extensive range of options for discerning investors.<\/p><p>\u00a0<\/p><p>With <strong>Open Investment Platform<\/strong>, you gain access to over 1,000 investment funds, private sector bonds, domestic and international Eurobonds, derivative instruments (DCDs, Options, Forwards, etc.), and the stock market\u2019s money market\u2014all from a single point of access.<\/p><p>\u00a0<\/p><p>Discover the limitless opportunities offered by <strong>Open Investment Platform<\/strong> to grow your wealth and make a mark in the investment world.<\/p><\/div><\/div><\/div><\/p><\/div>\t\t\t\t<\/div>\n\t\t\t\t<\/div>\n\t\t\t\t<div class=\"elementor-element elementor-element-d8b5ffb elementor-widget elementor-widget-pix-text\" data-id=\"d8b5ffb\" data-element_type=\"widget\" data-widget_type=\"pix-text.default\">\n\t\t\t\t<div class=\"elementor-widget-container\">\n\t\t\t\t\t<div class=\"pix-el-text w-100 text-left \" ><p class=\"resp-option text-left \"><p>For more detailed information please send an e-mail to <strong><a href=\"mailto:mim@acikyatirim.com\">mim@acikyatirim.com<\/a><\/strong><\/p><\/p><\/div>\t\t\t\t<\/div>\n\t\t\t\t<\/div>\n\t\t\t\t\t<\/div>\n\t\t<\/div>\n\t\t\t\t\t<\/div>\n\t\t<\/section>\n\t\t\t\t\t<\/div>\n\t\t<\/div>\n\t\t\t\t\t<\/div>\n\t\t<\/section>\n\t\t\t\t<\/div>\n\t\t","protected":false},"excerpt":{"rendered":"<p>Kart \u00dcr\u00fcnlerimiz Mevduat \u00dcr\u00fcnlerimiz Kredi \u00dcr\u00fcnlerimiz Open Investment Platform is a financial market designed to help you manage your assets in the most effective way, distinguished by its independent and impartial analyses. This unique platform opens the door to all&#8230;<\/p>\n","protected":false},"author":1,"featured_media":0,"parent":0,"menu_order":0,"comment_status":"closed","ping_status":"closed","template":"","meta":{"footnotes":""},"class_list":["post-17487","page","type-page","status-publish","hentry"],"_links":{"self":[{"href":"https:\/\/turkbankasi.com\/en\/wp-json\/wp\/v2\/pages\/17487","targetHints":{"allow":["GET"]}}],"collection":[{"href":"https:\/\/turkbankasi.com\/en\/wp-json\/wp\/v2\/pages"}],"about":[{"href":"https:\/\/turkbankasi.com\/en\/wp-json\/wp\/v2\/types\/page"}],"author":[{"embeddable":true,"href":"https:\/\/turkbankasi.com\/en\/wp-json\/wp\/v2\/users\/1"}],"replies":[{"embeddable":true,"href":"https:\/\/turkbankasi.com\/en\/wp-json\/wp\/v2\/comments?post=17487"}],"version-history":[{"count":10,"href":"https:\/\/turkbankasi.com\/en\/wp-json\/wp\/v2\/pages\/17487\/revisions"}],"predecessor-version":[{"id":17646,"href":"https:\/\/turkbankasi.com\/en\/wp-json\/wp\/v2\/pages\/17487\/revisions\/17646"}],"wp:attachment":[{"href":"https:\/\/turkbankasi.com\/en\/wp-json\/wp\/v2\/media?parent=17487"}],"curies":[{"name":"wp","href":"https:\/\/api.w.org\/{rel}","templated":true}]}}